{"id":1003,"date":"2026-02-25T21:54:11","date_gmt":"2026-02-25T21:54:11","guid":{"rendered":"https:\/\/sqr-it.net\/services"},"modified":"2026-03-08T22:44:45","modified_gmt":"2026-03-08T22:44:45","slug":"services","status":"publish","type":"page","link":"https:\/\/sqr-it.net\/pl\/services","title":{"rendered":"Us\u0142ugi"},"content":{"rendered":"","protected":false},"excerpt":{"rendered":"","protected":false},"author":1,"featured_media":0,"parent":0,"menu_order":0,"comment_status":"closed","ping_status":"closed","template":"templates\/template-services.php","meta":{"inline_featured_image":false,"footnotes":""},"class_list":["post-1003","page","type-page","status-publish","hentry"],"acf":[],"yoast_head":"<!-- This site is optimized with the Yoast SEO plugin v27.2 - https:\/\/yoast.com\/product\/yoast-seo-wordpress\/ -->\n<title>Tworzenie stron WordPress, Administracja serwer\u00f3w - SQR<\/title>\n<meta name=\"description\" content=\"Tworzenie stron WordPress i WooCommerce, opieka nad stron\u0105, usuwanie wirus\u00f3w, optymalizacja szybko\u015bci, administracja serwer\u00f3w Linux i Windows, backup i bezpiecze\u0144stwo.\" \/>\n<meta name=\"robots\" content=\"index, follow, max-snippet:-1, max-image-preview:large, max-video-preview:-1\" \/>\n<link rel=\"canonical\" href=\"https:\/\/sqr-it.net\/pl\/services\" \/>\n<meta property=\"og:locale\" content=\"pl_PL\" \/>\n<meta property=\"og:type\" content=\"article\" \/>\n<meta property=\"og:title\" content=\"Tworzenie stron WordPress, Administracja serwer\u00f3w - SQR\" \/>\n<meta property=\"og:description\" content=\"Tworzenie stron WordPress i WooCommerce, opieka nad stron\u0105, usuwanie wirus\u00f3w, optymalizacja szybko\u015bci, administracja serwer\u00f3w Linux i Windows, backup i bezpiecze\u0144stwo.\" \/>\n<meta property=\"og:url\" content=\"https:\/\/sqr-it.net\/pl\/services\" \/>\n<meta property=\"og:site_name\" content=\"SQR\" \/>\n<meta property=\"article:modified_time\" content=\"2026-03-08T22:44:45+00:00\" \/>\n<meta property=\"og:image\" content=\"https:\/\/sqr-it.net\/wp-content\/uploads\/2026\/03\/cropped-favicon.png\" \/>\n\t<meta property=\"og:image:width\" content=\"512\" \/>\n\t<meta property=\"og:image:height\" content=\"512\" \/>\n\t<meta property=\"og:image:type\" content=\"image\/png\" \/>\n<meta name=\"twitter:card\" content=\"summary_large_image\" \/>\n<script type=\"application\/ld+json\" class=\"yoast-schema-graph\">{\"@context\":\"https:\/\/schema.org\",\"@graph\":[{\"@type\":\"WebPage\",\"@id\":\"https:\/\/sqr-it.net\/pl\/services\",\"url\":\"https:\/\/sqr-it.net\/pl\/services\",\"name\":\"Tworzenie stron WordPress, Administracja serwer\u00f3w - SQR\",\"isPartOf\":{\"@id\":\"https:\/\/sqr-it.net\/pl#website\"},\"datePublished\":\"2026-02-25T21:54:11+00:00\",\"dateModified\":\"2026-03-08T22:44:45+00:00\",\"description\":\"Tworzenie stron WordPress i WooCommerce, opieka nad stron\u0105, usuwanie wirus\u00f3w, optymalizacja szybko\u015bci, administracja serwer\u00f3w Linux i Windows, backup i bezpiecze\u0144stwo.\",\"breadcrumb\":{\"@id\":\"https:\/\/sqr-it.net\/pl\/services#breadcrumb\"},\"inLanguage\":\"pl-PL\",\"potentialAction\":[{\"@type\":\"ReadAction\",\"target\":[\"https:\/\/sqr-it.net\/pl\/services\"]}]},{\"@type\":\"BreadcrumbList\",\"@id\":\"https:\/\/sqr-it.net\/pl\/services#breadcrumb\",\"itemListElement\":[{\"@type\":\"ListItem\",\"position\":1,\"name\":\"Strona g\u0142\u00f3wna\",\"item\":\"https:\/\/sqr-it.net\/pl\"},{\"@type\":\"ListItem\",\"position\":2,\"name\":\"Us\u0142ugi\"}]},{\"@type\":\"WebSite\",\"@id\":\"https:\/\/sqr-it.net\/pl#website\",\"url\":\"https:\/\/sqr-it.net\/pl\",\"name\":\"SQR\",\"description\":\"\",\"publisher\":{\"@id\":\"https:\/\/sqr-it.net\/pl#organization\"},\"potentialAction\":[{\"@type\":\"SearchAction\",\"target\":{\"@type\":\"EntryPoint\",\"urlTemplate\":\"https:\/\/sqr-it.net\/pl?s={search_term_string}\"},\"query-input\":{\"@type\":\"PropertyValueSpecification\",\"valueRequired\":true,\"valueName\":\"search_term_string\"}}],\"inLanguage\":\"pl-PL\"},{\"@type\":\"Organization\",\"@id\":\"https:\/\/sqr-it.net\/pl#organization\",\"name\":\"SQR IT\",\"url\":\"https:\/\/sqr-it.net\/pl\",\"logo\":{\"@type\":\"ImageObject\",\"inLanguage\":\"pl-PL\",\"@id\":\"https:\/\/sqr-it.net\/pl#\/schema\/logo\/image\/\",\"url\":\"https:\/\/sqr-it.net\/wp-content\/uploads\/2026\/03\/logo-1.svg\",\"contentUrl\":\"https:\/\/sqr-it.net\/wp-content\/uploads\/2026\/03\/logo-1.svg\",\"caption\":\"SQR IT\"},\"image\":{\"@id\":\"https:\/\/sqr-it.net\/pl#\/schema\/logo\/image\/\"}}]}<\/script>\n<!-- \/ Yoast SEO plugin. -->","yoast_head_json":{"title":"Tworzenie stron WordPress, Administracja serwer\u00f3w - SQR","description":"Tworzenie stron WordPress i WooCommerce, opieka nad stron\u0105, usuwanie wirus\u00f3w, optymalizacja szybko\u015bci, administracja serwer\u00f3w Linux i Windows, backup i bezpiecze\u0144stwo.","robots":{"index":"index","follow":"follow","max-snippet":"max-snippet:-1","max-image-preview":"max-image-preview:large","max-video-preview":"max-video-preview:-1"},"canonical":"https:\/\/sqr-it.net\/pl\/services","og_locale":"pl_PL","og_type":"article","og_title":"Tworzenie stron WordPress, Administracja serwer\u00f3w - SQR","og_description":"Tworzenie stron WordPress i WooCommerce, opieka nad stron\u0105, usuwanie wirus\u00f3w, optymalizacja szybko\u015bci, administracja serwer\u00f3w Linux i Windows, backup i bezpiecze\u0144stwo.","og_url":"https:\/\/sqr-it.net\/pl\/services","og_site_name":"SQR","article_modified_time":"2026-03-08T22:44:45+00:00","og_image":[{"width":512,"height":512,"url":"https:\/\/sqr-it.net\/wp-content\/uploads\/2026\/03\/cropped-favicon.png","type":"image\/png"}],"twitter_card":"summary_large_image","schema":{"@context":"https:\/\/schema.org","@graph":[{"@type":"WebPage","@id":"https:\/\/sqr-it.net\/pl\/services","url":"https:\/\/sqr-it.net\/pl\/services","name":"Tworzenie stron WordPress, Administracja serwer\u00f3w - SQR","isPartOf":{"@id":"https:\/\/sqr-it.net\/pl#website"},"datePublished":"2026-02-25T21:54:11+00:00","dateModified":"2026-03-08T22:44:45+00:00","description":"Tworzenie stron WordPress i WooCommerce, opieka nad stron\u0105, usuwanie wirus\u00f3w, optymalizacja szybko\u015bci, administracja serwer\u00f3w Linux i Windows, backup i bezpiecze\u0144stwo.","breadcrumb":{"@id":"https:\/\/sqr-it.net\/pl\/services#breadcrumb"},"inLanguage":"pl-PL","potentialAction":[{"@type":"ReadAction","target":["https:\/\/sqr-it.net\/pl\/services"]}]},{"@type":"BreadcrumbList","@id":"https:\/\/sqr-it.net\/pl\/services#breadcrumb","itemListElement":[{"@type":"ListItem","position":1,"name":"Strona g\u0142\u00f3wna","item":"https:\/\/sqr-it.net\/pl"},{"@type":"ListItem","position":2,"name":"Us\u0142ugi"}]},{"@type":"WebSite","@id":"https:\/\/sqr-it.net\/pl#website","url":"https:\/\/sqr-it.net\/pl","name":"SQR","description":"","publisher":{"@id":"https:\/\/sqr-it.net\/pl#organization"},"potentialAction":[{"@type":"SearchAction","target":{"@type":"EntryPoint","urlTemplate":"https:\/\/sqr-it.net\/pl?s={search_term_string}"},"query-input":{"@type":"PropertyValueSpecification","valueRequired":true,"valueName":"search_term_string"}}],"inLanguage":"pl-PL"},{"@type":"Organization","@id":"https:\/\/sqr-it.net\/pl#organization","name":"SQR IT","url":"https:\/\/sqr-it.net\/pl","logo":{"@type":"ImageObject","inLanguage":"pl-PL","@id":"https:\/\/sqr-it.net\/pl#\/schema\/logo\/image\/","url":"https:\/\/sqr-it.net\/wp-content\/uploads\/2026\/03\/logo-1.svg","contentUrl":"https:\/\/sqr-it.net\/wp-content\/uploads\/2026\/03\/logo-1.svg","caption":"SQR IT"},"image":{"@id":"https:\/\/sqr-it.net\/pl#\/schema\/logo\/image\/"}}]}},"_links":{"self":[{"href":"https:\/\/sqr-it.net\/pl\/wp-json\/wp\/v2\/pages\/1003","targetHints":{"allow":["GET"]}}],"collection":[{"href":"https:\/\/sqr-it.net\/pl\/wp-json\/wp\/v2\/pages"}],"about":[{"href":"https:\/\/sqr-it.net\/pl\/wp-json\/wp\/v2\/types\/page"}],"author":[{"embeddable":true,"href":"https:\/\/sqr-it.net\/pl\/wp-json\/wp\/v2\/users\/1"}],"replies":[{"embeddable":true,"href":"https:\/\/sqr-it.net\/pl\/wp-json\/wp\/v2\/comments?post=1003"}],"version-history":[{"count":2,"href":"https:\/\/sqr-it.net\/pl\/wp-json\/wp\/v2\/pages\/1003\/revisions"}],"predecessor-version":[{"id":1015,"href":"https:\/\/sqr-it.net\/pl\/wp-json\/wp\/v2\/pages\/1003\/revisions\/1015"}],"wp:attachment":[{"href":"https:\/\/sqr-it.net\/pl\/wp-json\/wp\/v2\/media?parent=1003"}],"curies":[{"name":"wp","href":"https:\/\/api.w.org\/{rel}","templated":true}]}}